{"id":1000,"date":"2023-07-17T03:50:03","date_gmt":"2023-07-17T03:50:03","guid":{"rendered":"https:\/\/maviponque.com.co\/?page_id=1000"},"modified":"2025-01-31T20:10:35","modified_gmt":"2025-01-31T20:10:35","slug":"tortas","status":"publish","type":"page","link":"https:\/\/maviponque.com.co\/index.php\/tortas\/","title":{"rendered":"TORTAS"},"content":{"rendered":"<h2>Nuestros Productos<\/h2>\n<p style=\"text-align: center;\"><strong>\u00a1Bienvenido a la secci\u00f3n de tortas de Maviponque!<\/strong><\/p>\n<p style=\"text-align: center;\"><strong>Aqu\u00ed encontrar\u00e1s una variedad de tortas artesanales hechas a mano con mucho sabor y amor en cada una de ellas. Nuestras tortas son elaboradas de manera artesanal con los mejores ingredientes que garantizan un producto de alta calidad. Cada torta est\u00e1 cuidadosamente decorada para que no solo sea un placer al paladar sino tambi\u00e9n una experiencia visual \u00fanica. En Tortas Maviponque sabemos que una buena torta es la que no solo deja una huella en tu paladar sino tambi\u00e9n en tu coraz\u00f3n, por lo que cada torta es hecha con dedicaci\u00f3n y pasi\u00f3n para que sientas nuestro cari\u00f1o en cada bocado. \u00a1Ven y prueba nuestras deliciosas tortas, te aseguramos que no te arrepentir\u00e1s!<\/strong><\/p>\n<p>\t\t\t\t\t\t\t\t\t\t\t\t<a tabindex=\"0\">TORTAS<\/a><\/p>\n<p>Torta decorada x 16 unidades<br \/>Torta con queso x 16 unidades<br \/>Torta con queso en empaque individual x 16 unidades<br \/>Torta chocolate x 16 unidades<br \/>Torta choco escarcha x 16 unidades<br \/>Torta para ocasiones especiales<br \/>Mantecada domo x 15 unidades<br \/>Mantecada en empaque individual x 16,18<br \/>Mantecada domo chocolate x 15 unidades<br \/>Mantecada caja x 12 unidades<br \/>Mantecada caja x 16, 18 normal<br \/>Torta combinada en empaque individual x 16 unidades<br \/>Torta combinada x 16 unidades<br \/>Torta con queso decorada x 16 unidades<br \/>Torta junior vainilla<br \/>Torta junior vino<br \/>Torta junior con queso<br \/>Torta mini vainilla<br \/>Torta mini con queso<br \/>Torta mini sabores (vainilla, yogurt, guan\u00e1bana y arequipe).<br \/>Torta especial con<br \/>Torta especial<br \/>Locheros de sabores (vainilla, arequipe, mora, fresa, yogurt, guan\u00e1bana, vino y queso).<br \/>Brazo de reina x 14 unidades<\/p>\n<figure>\n\t\t\t\t\t\t\t\t\t\t\t<a href=\"https:\/\/maviponque.com.co\/wp-content\/uploads\/2023\/08\/Torta-decorada.png\" data-elementor-open-lightbox=\"yes\" data-elementor-lightbox-title=\"Torta decorada\" data-e-action-hash=\"#elementor-action%3Aaction%3Dlightbox%26settings%3DeyJpZCI6MTczMCwidXJsIjoiaHR0cHM6XC9cL21hdmlwb25xdWUuY29tLmNvXC93cC1jb250ZW50XC91cGxvYWRzXC8yMDIzXC8wOFwvVG9ydGEtZGVjb3JhZGEucG5nIn0%3D\"><br \/>\n\t\t\t\t\t\t\t<img decoding=\"async\" width=\"1024\" height=\"920\" src=\"https:\/\/maviponque.com.co\/wp-content\/uploads\/2023\/08\/Torta-decorada-1024x920.png\" alt=\"\" loading=\"lazy\" \/>\t\t\t\t\t\t\t\t<\/a><figcaption>Torta decorada<\/figcaption><\/figure>\n<figure>\n\t\t\t\t\t\t\t\t\t\t\t<a href=\"https:\/\/maviponque.com.co\/wp-content\/uploads\/2023\/08\/Torta-con-queso.png\" data-elementor-open-lightbox=\"yes\" data-elementor-lightbox-title=\"Torta con queso\" data-e-action-hash=\"#elementor-action%3Aaction%3Dlightbox%26settings%3DeyJpZCI6MTczMSwidXJsIjoiaHR0cHM6XC9cL21hdmlwb25xdWUuY29tLmNvXC93cC1jb250ZW50XC91cGxvYWRzXC8yMDIzXC8wOFwvVG9ydGEtY29uLXF1ZXNvLnBuZyJ9\"><br \/>\n\t\t\t\t\t\t\t<img decoding=\"async\" width=\"1024\" height=\"920\" src=\"https:\/\/maviponque.com.co\/wp-content\/uploads\/2023\/08\/Torta-con-queso-1024x920.png\" alt=\"\" loading=\"lazy\" \/>\t\t\t\t\t\t\t\t<\/a><figcaption>Torta con queso<\/figcaption><\/figure>\n<figure>\n\t\t\t\t\t\t\t\t\t\t\t<a href=\"https:\/\/maviponque.com.co\/wp-content\/uploads\/2023\/08\/Torta-combinada.png\" data-elementor-open-lightbox=\"yes\" data-elementor-lightbox-title=\"Torta combinada\" data-e-action-hash=\"#elementor-action%3Aaction%3Dlightbox%26settings%3DeyJpZCI6MTczMiwidXJsIjoiaHR0cHM6XC9cL21hdmlwb25xdWUuY29tLmNvXC93cC1jb250ZW50XC91cGxvYWRzXC8yMDIzXC8wOFwvVG9ydGEtY29tYmluYWRhLnBuZyJ9\"><br \/>\n\t\t\t\t\t\t\t<img decoding=\"async\" width=\"1024\" height=\"920\" src=\"https:\/\/maviponque.com.co\/wp-content\/uploads\/2023\/08\/Torta-combinada-1024x920.png\" alt=\"\" loading=\"lazy\" \/>\t\t\t\t\t\t\t\t<\/a><figcaption>Torta combinada<\/figcaption><\/figure>\n<figure>\n\t\t\t\t\t\t\t\t\t\t\t<a href=\"https:\/\/maviponque.com.co\/wp-content\/uploads\/2023\/08\/Torta-de-chocolate.png\" data-elementor-open-lightbox=\"yes\" data-elementor-lightbox-title=\"Torta de chocolate\" data-e-action-hash=\"#elementor-action%3Aaction%3Dlightbox%26settings%3DeyJpZCI6MTczMywidXJsIjoiaHR0cHM6XC9cL21hdmlwb25xdWUuY29tLmNvXC93cC1jb250ZW50XC91cGxvYWRzXC8yMDIzXC8wOFwvVG9ydGEtZGUtY2hvY29sYXRlLnBuZyJ9\"><br \/>\n\t\t\t\t\t\t\t<img decoding=\"async\" width=\"1024\" height=\"875\" src=\"https:\/\/maviponque.com.co\/wp-content\/uploads\/2023\/08\/Torta-de-chocolate-1024x875.png\" alt=\"\" loading=\"lazy\" \/>\t\t\t\t\t\t\t\t<\/a><figcaption>Torta de chocolate<\/figcaption><\/figure>\n<figure>\n\t\t\t\t\t\t\t\t\t\t\t<a href=\"https:\/\/maviponque.com.co\/wp-content\/uploads\/2023\/08\/Torta-choco-escarcha.png\" data-elementor-open-lightbox=\"yes\" data-elementor-lightbox-title=\"Torta choco escarcha\" data-e-action-hash=\"#elementor-action%3Aaction%3Dlightbox%26settings%3DeyJpZCI6MTczOCwidXJsIjoiaHR0cHM6XC9cL21hdmlwb25xdWUuY29tLmNvXC93cC1jb250ZW50XC91cGxvYWRzXC8yMDIzXC8wOFwvVG9ydGEtY2hvY28tZXNjYXJjaGEucG5nIn0%3D\"><br \/>\n\t\t\t\t\t\t\t<img decoding=\"async\" width=\"1024\" height=\"920\" src=\"https:\/\/maviponque.com.co\/wp-content\/uploads\/2023\/08\/Torta-choco-escarcha-1024x920.png\" alt=\"\" loading=\"lazy\" \/>\t\t\t\t\t\t\t\t<\/a><figcaption>Torta choco escarcha<\/figcaption><\/figure>\n<figure>\n\t\t\t\t\t\t\t\t\t\t\t<a href=\"https:\/\/maviponque.com.co\/wp-content\/uploads\/2023\/08\/Torta-3-sabores.png\" data-elementor-open-lightbox=\"yes\" data-elementor-lightbox-title=\"Torta 3 sabores\" data-e-action-hash=\"#elementor-action%3Aaction%3Dlightbox%26settings%3DeyJpZCI6MTczOSwidXJsIjoiaHR0cHM6XC9cL21hdmlwb25xdWUuY29tLmNvXC93cC1jb250ZW50XC91cGxvYWRzXC8yMDIzXC8wOFwvVG9ydGEtMy1zYWJvcmVzLnBuZyJ9\"><br \/>\n\t\t\t\t\t\t\t<img decoding=\"async\" width=\"1024\" height=\"777\" src=\"https:\/\/maviponque.com.co\/wp-content\/uploads\/2023\/08\/Torta-3-sabores-1024x777.png\" alt=\"\" loading=\"lazy\" \/>\t\t\t\t\t\t\t\t<\/a><figcaption>Torta 3 sabores<\/figcaption><\/figure>\n<figure>\n\t\t\t\t\t\t\t\t\t\t\t<a href=\"https:\/\/maviponque.com.co\/wp-content\/uploads\/2023\/08\/Torta-de-4-sabores.png\" data-elementor-open-lightbox=\"yes\" data-elementor-lightbox-title=\"Torta de 4 sabores\" data-e-action-hash=\"#elementor-action%3Aaction%3Dlightbox%26settings%3DeyJpZCI6MTc0NCwidXJsIjoiaHR0cHM6XC9cL21hdmlwb25xdWUuY29tLmNvXC93cC1jb250ZW50XC91cGxvYWRzXC8yMDIzXC8wOFwvVG9ydGEtZGUtNC1zYWJvcmVzLnBuZyJ9\"><br \/>\n\t\t\t\t\t\t\t<img decoding=\"async\" width=\"1024\" height=\"875\" src=\"https:\/\/maviponque.com.co\/wp-content\/uploads\/2023\/08\/Torta-de-4-sabores-1024x875.png\" alt=\"\" loading=\"lazy\" \/>\t\t\t\t\t\t\t\t<\/a><figcaption>Torta 4 sabores<\/figcaption><\/figure>\n<figure>\n\t\t\t\t\t\t\t\t\t\t\t<a href=\"https:\/\/maviponque.com.co\/wp-content\/uploads\/2023\/08\/Torta-frutas.png\" data-elementor-open-lightbox=\"yes\" data-elementor-lightbox-title=\"Torta frutas\" data-e-action-hash=\"#elementor-action%3Aaction%3Dlightbox%26settings%3DeyJpZCI6MTc0NSwidXJsIjoiaHR0cHM6XC9cL21hdmlwb25xdWUuY29tLmNvXC93cC1jb250ZW50XC91cGxvYWRzXC8yMDIzXC8wOFwvVG9ydGEtZnJ1dGFzLnBuZyJ9\"><br \/>\n\t\t\t\t\t\t\t<img decoding=\"async\" width=\"1024\" height=\"875\" src=\"https:\/\/maviponque.com.co\/wp-content\/uploads\/2023\/08\/Torta-frutas-1024x875.png\" alt=\"\" loading=\"lazy\" \/>\t\t\t\t\t\t\t\t<\/a><figcaption>Torta de frutas<\/figcaption><\/figure>\n<figure>\n\t\t\t\t\t\t\t\t\t\t\t<a href=\"https:\/\/maviponque.com.co\/wp-content\/uploads\/2023\/08\/Torta-de-ciruela.png\" data-elementor-open-lightbox=\"yes\" data-elementor-lightbox-title=\"Torta de ciruela\" data-e-action-hash=\"#elementor-action%3Aaction%3Dlightbox%26settings%3DeyJpZCI6MTc0NiwidXJsIjoiaHR0cHM6XC9cL21hdmlwb25xdWUuY29tLmNvXC93cC1jb250ZW50XC91cGxvYWRzXC8yMDIzXC8wOFwvVG9ydGEtZGUtY2lydWVsYS5wbmcifQ%3D%3D\"><br \/>\n\t\t\t\t\t\t\t<img decoding=\"async\" width=\"1024\" height=\"875\" src=\"https:\/\/maviponque.com.co\/wp-content\/uploads\/2023\/08\/Torta-de-ciruela-1024x875.png\" alt=\"\" loading=\"lazy\" \/>\t\t\t\t\t\t\t\t<\/a><figcaption>Torta de ciruela<\/figcaption><\/figure>\n<figure>\n\t\t\t\t\t\t\t\t\t\t\t<a href=\"https:\/\/maviponque.com.co\/wp-content\/uploads\/2023\/08\/Torta-caramelo.png\" data-elementor-open-lightbox=\"yes\" data-elementor-lightbox-title=\"Torta caramelo\" data-e-action-hash=\"#elementor-action%3Aaction%3Dlightbox%26settings%3DeyJpZCI6MTc0NywidXJsIjoiaHR0cHM6XC9cL21hdmlwb25xdWUuY29tLmNvXC93cC1jb250ZW50XC91cGxvYWRzXC8yMDIzXC8wOFwvVG9ydGEtY2FyYW1lbG8ucG5nIn0%3D\"><br \/>\n\t\t\t\t\t\t\t<img decoding=\"async\" width=\"1024\" height=\"875\" src=\"https:\/\/maviponque.com.co\/wp-content\/uploads\/2023\/08\/Torta-caramelo-1024x875.png\" alt=\"\" loading=\"lazy\" \/>\t\t\t\t\t\t\t\t<\/a><figcaption>Torta de caramelo<\/figcaption><\/figure>\n<figure>\n\t\t\t\t\t\t\t\t\t\t\t<a href=\"https:\/\/maviponque.com.co\/wp-content\/uploads\/2023\/08\/Torta-de-queso-individual.png\" data-elementor-open-lightbox=\"yes\" data-elementor-lightbox-title=\"Torta de queso individual\" data-e-action-hash=\"#elementor-action%3Aaction%3Dlightbox%26settings%3DeyJpZCI6MTc0OCwidXJsIjoiaHR0cHM6XC9cL21hdmlwb25xdWUuY29tLmNvXC93cC1jb250ZW50XC91cGxvYWRzXC8yMDIzXC8wOFwvVG9ydGEtZGUtcXVlc28taW5kaXZpZHVhbC5wbmcifQ%3D%3D\"><br \/>\n\t\t\t\t\t\t\t<img decoding=\"async\" width=\"1024\" height=\"920\" src=\"https:\/\/maviponque.com.co\/wp-content\/uploads\/2023\/08\/Torta-de-queso-individual-1024x920.png\" alt=\"\" loading=\"lazy\" \/>\t\t\t\t\t\t\t\t<\/a><figcaption>Torta de queso individual<\/figcaption><\/figure>\n<figure>\n\t\t\t\t\t\t\t\t\t\t\t<a href=\"https:\/\/maviponque.com.co\/wp-content\/uploads\/2023\/08\/Torta-combinada-individual.png\" data-elementor-open-lightbox=\"yes\" data-elementor-lightbox-title=\"Torta combinada individual\" data-e-action-hash=\"#elementor-action%3Aaction%3Dlightbox%26settings%3DeyJpZCI6MTc0OSwidXJsIjoiaHR0cHM6XC9cL21hdmlwb25xdWUuY29tLmNvXC93cC1jb250ZW50XC91cGxvYWRzXC8yMDIzXC8wOFwvVG9ydGEtY29tYmluYWRhLWluZGl2aWR1YWwucG5nIn0%3D\"><br \/>\n\t\t\t\t\t\t\t<img decoding=\"async\" width=\"1024\" height=\"920\" src=\"https:\/\/maviponque.com.co\/wp-content\/uploads\/2023\/08\/Torta-combinada-individual-1024x920.png\" alt=\"\" loading=\"lazy\" \/>\t\t\t\t\t\t\t\t<\/a><figcaption>Torta combinada individual<\/figcaption><\/figure>\n<figure>\n\t\t\t\t\t\t\t\t\t\t\t<a href=\"https:\/\/maviponque.com.co\/wp-content\/uploads\/2023\/08\/Mantecada.png\" data-elementor-open-lightbox=\"yes\" data-elementor-lightbox-title=\"Mantecada\" data-e-action-hash=\"#elementor-action%3Aaction%3Dlightbox%26settings%3DeyJpZCI6MTc1MywidXJsIjoiaHR0cHM6XC9cL21hdmlwb25xdWUuY29tLmNvXC93cC1jb250ZW50XC91cGxvYWRzXC8yMDIzXC8wOFwvTWFudGVjYWRhLnBuZyJ9\"><br \/>\n\t\t\t\t\t\t\t<img decoding=\"async\" width=\"1024\" height=\"875\" src=\"https:\/\/maviponque.com.co\/wp-content\/uploads\/2023\/08\/Mantecada-1024x875.png\" alt=\"\" loading=\"lazy\" \/>\t\t\t\t\t\t\t\t<\/a><figcaption>Mantecada<\/figcaption><\/figure>\n<figure>\n\t\t\t\t\t\t\t\t\t\t\t<a href=\"https:\/\/maviponque.com.co\/wp-content\/uploads\/2023\/08\/Mini-tortas.png\" data-elementor-open-lightbox=\"yes\" data-elementor-lightbox-title=\"Mini tortas\" data-e-action-hash=\"#elementor-action%3Aaction%3Dlightbox%26settings%3DeyJpZCI6MTc1NCwidXJsIjoiaHR0cHM6XC9cL21hdmlwb25xdWUuY29tLmNvXC93cC1jb250ZW50XC91cGxvYWRzXC8yMDIzXC8wOFwvTWluaS10b3J0YXMucG5nIn0%3D\"><br \/>\n\t\t\t\t\t\t\t<img decoding=\"async\" width=\"1024\" height=\"875\" src=\"https:\/\/maviponque.com.co\/wp-content\/uploads\/2023\/08\/Mini-tortas-1024x875.png\" alt=\"\" loading=\"lazy\" \/>\t\t\t\t\t\t\t\t<\/a><figcaption>Mini tortas<\/figcaption><\/figure>\n<figure>\n\t\t\t\t\t\t\t\t\t\t\t<a href=\"https:\/\/maviponque.com.co\/wp-content\/uploads\/2023\/08\/Loncheros-de-queso.png\" data-elementor-open-lightbox=\"yes\" data-elementor-lightbox-title=\"Loncheros de queso\" data-e-action-hash=\"#elementor-action%3Aaction%3Dlightbox%26settings%3DeyJpZCI6MTc1NiwidXJsIjoiaHR0cHM6XC9cL21hdmlwb25xdWUuY29tLmNvXC93cC1jb250ZW50XC91cGxvYWRzXC8yMDIzXC8wOFwvTG9uY2hlcm9zLWRlLXF1ZXNvLnBuZyJ9\"><br \/>\n\t\t\t\t\t\t\t<img decoding=\"async\" width=\"1024\" height=\"875\" src=\"https:\/\/maviponque.com.co\/wp-content\/uploads\/2023\/08\/Loncheros-de-queso-1024x875.png\" alt=\"\" loading=\"lazy\" \/>\t\t\t\t\t\t\t\t<\/a><figcaption>Loncheros de queso<\/figcaption><\/figure>\n<figure>\n\t\t\t\t\t\t\t\t\t\t\t<a href=\"https:\/\/maviponque.com.co\/wp-content\/uploads\/2023\/08\/Loncheros-de-guanabana.png\" data-elementor-open-lightbox=\"yes\" data-elementor-lightbox-title=\"Loncheros de guan\u00e1bana\" data-e-action-hash=\"#elementor-action%3Aaction%3Dlightbox%26settings%3DeyJpZCI6MTc2MCwidXJsIjoiaHR0cHM6XC9cL21hdmlwb25xdWUuY29tLmNvXC93cC1jb250ZW50XC91cGxvYWRzXC8yMDIzXC8wOFwvTG9uY2hlcm9zLWRlLWd1YW5hYmFuYS5wbmcifQ%3D%3D\"><br \/>\n\t\t\t\t\t\t\t<img decoding=\"async\" width=\"1024\" height=\"875\" src=\"https:\/\/maviponque.com.co\/wp-content\/uploads\/2023\/08\/Loncheros-de-guanabana-1024x875.png\" alt=\"\" loading=\"lazy\" \/>\t\t\t\t\t\t\t\t<\/a><figcaption>Loncheros de guan\u00e1bana<\/figcaption><\/figure>\n<figure>\n\t\t\t\t\t\t\t\t\t\t\t<a href=\"https:\/\/maviponque.com.co\/wp-content\/uploads\/2023\/08\/Loncheros-de-Yogurt.png\" data-elementor-open-lightbox=\"yes\" data-elementor-lightbox-title=\"Loncheros de Yogurt\" data-e-action-hash=\"#elementor-action%3Aaction%3Dlightbox%26settings%3DeyJpZCI6MTc2MSwidXJsIjoiaHR0cHM6XC9cL21hdmlwb25xdWUuY29tLmNvXC93cC1jb250ZW50XC91cGxvYWRzXC8yMDIzXC8wOFwvTG9uY2hlcm9zLWRlLVlvZ3VydC5wbmcifQ%3D%3D\"><br \/>\n\t\t\t\t\t\t\t<img decoding=\"async\" width=\"1024\" height=\"875\" src=\"https:\/\/maviponque.com.co\/wp-content\/uploads\/2023\/08\/Loncheros-de-Yogurt-1024x875.png\" alt=\"\" loading=\"lazy\" \/>\t\t\t\t\t\t\t\t<\/a><figcaption>Loncheros de yogurt<\/figcaption><\/figure>\n<figure>\n\t\t\t\t\t\t\t\t\t\t\t<a href=\"https:\/\/maviponque.com.co\/wp-content\/uploads\/2023\/08\/Loncheros-de-mora.png\" data-elementor-open-lightbox=\"yes\" data-elementor-lightbox-title=\"Loncheros de mora\" data-e-action-hash=\"#elementor-action%3Aaction%3Dlightbox%26settings%3DeyJpZCI6MTc2MywidXJsIjoiaHR0cHM6XC9cL21hdmlwb25xdWUuY29tLmNvXC93cC1jb250ZW50XC91cGxvYWRzXC8yMDIzXC8wOFwvTG9uY2hlcm9zLWRlLW1vcmEucG5nIn0%3D\"><br \/>\n\t\t\t\t\t\t\t<img decoding=\"async\" width=\"1024\" height=\"875\" src=\"https:\/\/maviponque.com.co\/wp-content\/uploads\/2023\/08\/Loncheros-de-mora-1024x875.png\" alt=\"\" loading=\"lazy\" \/>\t\t\t\t\t\t\t\t<\/a><figcaption>Loncheros de mora<\/figcaption><\/figure>\n<figure>\n\t\t\t\t\t\t\t\t\t\t\t<a href=\"https:\/\/maviponque.com.co\/wp-content\/uploads\/2023\/08\/Loncheros-de-arequipe.png\" data-elementor-open-lightbox=\"yes\" data-elementor-lightbox-title=\"Loncheros de arequipe\" data-e-action-hash=\"#elementor-action%3Aaction%3Dlightbox%26settings%3DeyJpZCI6MTc2NCwidXJsIjoiaHR0cHM6XC9cL21hdmlwb25xdWUuY29tLmNvXC93cC1jb250ZW50XC91cGxvYWRzXC8yMDIzXC8wOFwvTG9uY2hlcm9zLWRlLWFyZXF1aXBlLnBuZyJ9\"><br \/>\n\t\t\t\t\t\t\t<img decoding=\"async\" width=\"1024\" height=\"875\" src=\"https:\/\/maviponque.com.co\/wp-content\/uploads\/2023\/08\/Loncheros-de-arequipe-1024x875.png\" alt=\"\" loading=\"lazy\" \/>\t\t\t\t\t\t\t\t<\/a><figcaption>Loncheros de arequipe<\/figcaption><\/figure>\n<figure>\n\t\t\t\t\t\t\t\t\t\t\t<a href=\"https:\/\/maviponque.com.co\/wp-content\/uploads\/2023\/08\/Loncheros-de-fresa.png\" data-elementor-open-lightbox=\"yes\" data-elementor-lightbox-title=\"Loncheros de fresa\" data-e-action-hash=\"#elementor-action%3Aaction%3Dlightbox%26settings%3DeyJpZCI6MTc2NSwidXJsIjoiaHR0cHM6XC9cL21hdmlwb25xdWUuY29tLmNvXC93cC1jb250ZW50XC91cGxvYWRzXC8yMDIzXC8wOFwvTG9uY2hlcm9zLWRlLWZyZXNhLnBuZyJ9\"><br \/>\n\t\t\t\t\t\t\t<img decoding=\"async\" width=\"1024\" height=\"875\" src=\"https:\/\/maviponque.com.co\/wp-content\/uploads\/2023\/08\/Loncheros-de-fresa-1024x875.png\" alt=\"\" loading=\"lazy\" \/>\t\t\t\t\t\t\t\t<\/a><figcaption>Loncheros de fresa<\/figcaption><\/figure>\n<figure>\n\t\t\t\t\t\t\t\t\t\t\t<a href=\"https:\/\/maviponque.com.co\/wp-content\/uploads\/2023\/08\/Loncheros-de-vainilla.png\" data-elementor-open-lightbox=\"yes\" data-elementor-lightbox-title=\"Loncheros de vainilla\" data-e-action-hash=\"#elementor-action%3Aaction%3Dlightbox%26settings%3DeyJpZCI6MTc2NiwidXJsIjoiaHR0cHM6XC9cL21hdmlwb25xdWUuY29tLmNvXC93cC1jb250ZW50XC91cGxvYWRzXC8yMDIzXC8wOFwvTG9uY2hlcm9zLWRlLXZhaW5pbGxhLnBuZyJ9\"><br \/>\n\t\t\t\t\t\t\t<img decoding=\"async\" width=\"1024\" height=\"875\" src=\"https:\/\/maviponque.com.co\/wp-content\/uploads\/2023\/08\/Loncheros-de-vainilla-1024x875.png\" alt=\"\" loading=\"lazy\" \/>\t\t\t\t\t\t\t\t<\/a><figcaption>Loncheros de vainilla<\/figcaption><\/figure>\n<figure>\n\t\t\t\t\t\t\t\t\t\t\t<a href=\"https:\/\/maviponque.com.co\/wp-content\/uploads\/2023\/08\/Loncheros-de-vino.png\" data-elementor-open-lightbox=\"yes\" data-elementor-lightbox-title=\"Loncheros de vino\" data-e-action-hash=\"#elementor-action%3Aaction%3Dlightbox%26settings%3DeyJpZCI6MTc3MCwidXJsIjoiaHR0cHM6XC9cL21hdmlwb25xdWUuY29tLmNvXC93cC1jb250ZW50XC91cGxvYWRzXC8yMDIzXC8wOFwvTG9uY2hlcm9zLWRlLXZpbm8ucG5nIn0%3D\"><br \/>\n\t\t\t\t\t\t\t<img decoding=\"async\" width=\"1024\" height=\"875\" src=\"https:\/\/maviponque.com.co\/wp-content\/uploads\/2023\/08\/Loncheros-de-vino-1024x875.png\" alt=\"\" loading=\"lazy\" \/>\t\t\t\t\t\t\t\t<\/a><figcaption>Loncheros de vino<\/figcaption><\/figure>\n","protected":false},"excerpt":{"rendered":"<p>Nuestros Productos \u00a1Bienvenido a la secci\u00f3n de tortas de Maviponque! Aqu\u00ed encontrar\u00e1s una variedad de tortas artesanales hechas a mano con mucho sabor y amor en cada una de ellas. Nuestras tortas son elaboradas de manera artesanal con los mejores ingredientes que garantizan un producto de alta calidad. Cada torta est\u00e1 cuidadosamente decorada para que [&hellip;]<\/p>\n","protected":false},"author":1,"featured_media":0,"parent":0,"menu_order":0,"comment_status":"closed","ping_status":"closed","template":"","meta":{"_eb_attr":"","footnotes":""},"class_list":["post-1000","page","type-page","status-publish","hentry"],"_links":{"self":[{"href":"https:\/\/maviponque.com.co\/index.php\/wp-json\/wp\/v2\/pages\/1000","targetHints":{"allow":["GET"]}}],"collection":[{"href":"https:\/\/maviponque.com.co\/index.php\/wp-json\/wp\/v2\/pages"}],"about":[{"href":"https:\/\/maviponque.com.co\/index.php\/wp-json\/wp\/v2\/types\/page"}],"author":[{"embeddable":true,"href":"https:\/\/maviponque.com.co\/index.php\/wp-json\/wp\/v2\/users\/1"}],"replies":[{"embeddable":true,"href":"https:\/\/maviponque.com.co\/index.php\/wp-json\/wp\/v2\/comments?post=1000"}],"version-history":[{"count":37,"href":"https:\/\/maviponque.com.co\/index.php\/wp-json\/wp\/v2\/pages\/1000\/revisions"}],"predecessor-version":[{"id":1820,"href":"https:\/\/maviponque.com.co\/index.php\/wp-json\/wp\/v2\/pages\/1000\/revisions\/1820"}],"wp:attachment":[{"href":"https:\/\/maviponque.com.co\/index.php\/wp-json\/wp\/v2\/media?parent=1000"}],"curies":[{"name":"wp","href":"https:\/\/api.w.org\/{rel}","templated":true}]}}