{"id":7,"date":"2022-08-19T03:57:23","date_gmt":"2022-08-19T03:57:23","guid":{"rendered":"https:\/\/maviponque.com.co\/index.php\/home\/"},"modified":"2023-07-27T19:11:05","modified_gmt":"2023-07-27T19:11:05","slug":"home","status":"publish","type":"page","link":"https:\/\/maviponque.com.co\/index.php\/home\/","title":{"rendered":"NOSOTROS"},"content":{"rendered":"\t\t<div data-elementor-type=\"wp-page\" data-elementor-id=\"7\" class=\"elementor elementor-7\">\n\t\t\t\t\t\t\t\t\t<section class=\"elementor-section elementor-top-section elementor-element elementor-element-3787e03 elementor-section-boxed elementor-section-height-default elementor-section-height-default\" data-id=\"3787e03\" data-element_type=\"section\">\n\t\t\t\t\t\t<div class=\"elementor-container elementor-column-gap-default\">\n\t\t\t\t\t<div class=\"aux-parallax-section elementor-column elementor-col-50 elementor-top-column elementor-element elementor-element-cd75d4d\" data-id=\"cd75d4d\" data-element_type=\"column\">\n\t\t\t<div class=\"elementor-widget-wrap elementor-element-populated\">\n\t\t\t\t\t\t\t\t<div class=\"elementor-element elementor-element-d785fa2 animated-slow elementor-invisible elementor-widget elementor-widget-image\" data-id=\"d785fa2\" data-element_type=\"widget\" data-settings=\"{&quot;_animation&quot;:&quot;slideInLeft&quot;}\" data-widget_type=\"image.default\">\n\t\t\t\t<div class=\"elementor-widget-container\">\n\t\t\t\t\t\t\t\t\t\t\t\t\t\t\t<img loading=\"lazy\" decoding=\"async\" width=\"682\" height=\"897\" src=\"https:\/\/maviponque.com.co\/wp-content\/uploads\/2023\/07\/collage.png\" class=\"attachment-large size-large wp-image-898\" alt=\"\" \/>\t\t\t\t\t\t\t\t\t\t\t\t\t\t\t<\/div>\n\t\t\t\t<\/div>\n\t\t\t\t\t<\/div>\n\t\t<\/div>\n\t\t\t\t<div class=\"aux-parallax-section elementor-column elementor-col-50 elementor-top-column elementor-element elementor-element-1dedbd3\" data-id=\"1dedbd3\" data-element_type=\"column\">\n\t\t\t<div class=\"elementor-widget-wrap elementor-element-populated\">\n\t\t\t\t\t\t\t\t<div class=\"elementor-element elementor-element-c32b331 elementor-widget elementor-widget-heading\" data-id=\"c32b331\" data-element_type=\"widget\" data-widget_type=\"heading.default\">\n\t\t\t\t<div class=\"elementor-widget-container\">\n\t\t\t<h2 class=\"elementor-heading-title elementor-size-default\">Nuestra Historia<\/h2>\t\t<\/div>\n\t\t\t\t<\/div>\n\t\t\t\t<div class=\"elementor-element elementor-element-9bccd7f elementor-invisible elementor-widget elementor-widget-text-editor\" data-id=\"9bccd7f\" data-element_type=\"widget\" data-settings=\"{&quot;_animation&quot;:&quot;slideInRight&quot;}\" data-widget_type=\"text-editor.default\">\n\t\t\t\t<div class=\"elementor-widget-container\">\n\t\t\t\t\t\t\t<p style=\"text-align: justify;\"><strong><span style=\"color: #004206;\">Nacimos como un sue\u00f1o. As\u00ed resumimos la historia Maviponque, con Don Manuel su esposa e hijos como creadores de una empresa construida con amor, tenacidad y empuje, como solo los Colombianos lo sabemos hacer.<\/span><\/strong><br \/><strong><span style=\"color: #004206;\">Desde 1998 ha estado en la misma cuadra y presente en los hogares, con variedad de productos e historias que contar, no hay un solo producto q Don Manuel no certifique, pruebe su f\u00f3rmula y de su aprobaci\u00f3n.<\/span><\/strong><br \/><strong><span style=\"color: #004206;\">lo importante es q siempre Maviponqu\u00e9 este llegando con su sabor a los hogares. <\/span><\/strong><br \/><strong><span style=\"color: #004206;\">Contamos con casi 60 colaboradores que siempre con su empe\u00f1o en su labor diaria, dan lo mejor de si para que nuestro sabor sea \u00fanico como sus familias. Empleamos madres cabeza de familia que con sus ingresos sostienen su motor \u201csus familias\u201d. Maviponqu\u00e9 tiene la virtud de la empresa familiar y cuidamos cada uno de nuestros colaboradores, las fechas especiales son muy importantes para nosotros porque con el amor que lo hacemos es el mismo con el que nuestros colaboradores trabajan. <\/span><\/strong><br \/><strong><span style=\"color: #004206;\">Una de las cosas que m\u00e1s cuidamos en la empresa es el poder Conservar nuestra idea de un producto Artesanal que se resalta con nuestra calidad, innovaci\u00f3n, variedad y frescura en nuestros productos.<\/span><\/strong><br \/><strong><span style=\"color: #004206;\">Nuestras instalaciones, nuestras materias primas son siempre de primera calidad cuidamos los detalles para dar los mejores productos.<\/span><\/strong><br \/><strong><span style=\"color: #004206;\">No dejes de probar y dejarte tentar con los sabores hechos especialmente para t\u00ed.<\/span><\/strong><\/p>\t\t\t\t\t\t<\/div>\n\t\t\t\t<\/div>\n\t\t\t\t\t<\/div>\n\t\t<\/div>\n\t\t\t\t\t\t\t<\/div>\n\t\t<\/section>\n\t\t\t\t<section class=\"elementor-section elementor-top-section elementor-element elementor-element-7aaf076 elementor-section-boxed elementor-section-height-default elementor-section-height-default\" data-id=\"7aaf076\" data-element_type=\"section\">\n\t\t\t\t\t\t<div class=\"elementor-container elementor-column-gap-default\">\n\t\t\t\t\t<div class=\"aux-parallax-section elementor-column elementor-col-50 elementor-top-column elementor-element elementor-element-a9fdd7e\" data-id=\"a9fdd7e\" data-element_type=\"column\">\n\t\t\t<div class=\"elementor-widget-wrap elementor-element-populated\">\n\t\t\t\t\t\t\t\t<div class=\"elementor-element elementor-element-0d7c079 elementor-position-top elementor-invisible elementor-widget elementor-widget-image-box\" data-id=\"0d7c079\" data-element_type=\"widget\" data-settings=\"{&quot;_animation&quot;:&quot;fadeIn&quot;}\" data-widget_type=\"image-box.default\">\n\t\t\t\t<div class=\"elementor-widget-container\">\n\t\t\t<div class=\"elementor-image-box-wrapper\"><figure class=\"elementor-image-box-img\"><img loading=\"lazy\" decoding=\"async\" width=\"512\" height=\"512\" src=\"https:\/\/maviponque.com.co\/wp-content\/uploads\/2022\/09\/cropped-favicon-1.png\" class=\"attachment-full size-full wp-image-688\" alt=\"\" srcset=\"https:\/\/maviponque.com.co\/wp-content\/uploads\/2022\/09\/cropped-favicon-1.png 512w, https:\/\/maviponque.com.co\/wp-content\/uploads\/2022\/09\/cropped-favicon-1-300x300.png 300w, https:\/\/maviponque.com.co\/wp-content\/uploads\/2022\/09\/cropped-favicon-1-150x150.png 150w, https:\/\/maviponque.com.co\/wp-content\/uploads\/2022\/09\/cropped-favicon-1-270x270.png 270w, https:\/\/maviponque.com.co\/wp-content\/uploads\/2022\/09\/cropped-favicon-1-192x192.png 192w, https:\/\/maviponque.com.co\/wp-content\/uploads\/2022\/09\/cropped-favicon-1-180x180.png 180w, https:\/\/maviponque.com.co\/wp-content\/uploads\/2022\/09\/cropped-favicon-1-32x32.png 32w\" \/><\/figure><div class=\"elementor-image-box-content\"><h2 class=\"elementor-image-box-title\">MISI\u00d3N<\/h2><p class=\"elementor-image-box-description\"><b>Ser l\u00edderes en la fabricaci\u00f3n y comercializaci\u00f3n de nuestras l\u00edneas de producci\u00f3n, satisfaciendo las necesidades de los clientes, por encima de sus expectativas, garantizando en cada mordida la mejor calidad al mejor precio, inspirados en la innovaci\u00f3n, el amor y en el positivismo generando valor para nuestros clientes y la sociedad en general, contribuyendo as\u00ed al bienestar de nuestro pa\u00eds.\nOfrecemos las mejores alternativas en productos de pasteler\u00eda, apoy\u00e1ndonos en procesos de mejoramiento continuo, buenas pr\u00e1cticas de manufactura y un excelente servicio al cliente.<\/b><\/p><\/div><\/div>\t\t<\/div>\n\t\t\t\t<\/div>\n\t\t\t\t\t<\/div>\n\t\t<\/div>\n\t\t\t\t<div class=\"aux-parallax-section elementor-column elementor-col-50 elementor-top-column elementor-element elementor-element-789a6ab\" data-id=\"789a6ab\" data-element_type=\"column\">\n\t\t\t<div class=\"elementor-widget-wrap elementor-element-populated\">\n\t\t\t\t\t\t\t\t<div class=\"elementor-element elementor-element-85c7e09 elementor-position-top elementor-invisible elementor-widget elementor-widget-image-box\" data-id=\"85c7e09\" data-element_type=\"widget\" data-settings=\"{&quot;_animation&quot;:&quot;fadeIn&quot;}\" data-widget_type=\"image-box.default\">\n\t\t\t\t<div class=\"elementor-widget-container\">\n\t\t\t<div class=\"elementor-image-box-wrapper\"><figure class=\"elementor-image-box-img\"><img loading=\"lazy\" decoding=\"async\" width=\"512\" height=\"512\" src=\"https:\/\/maviponque.com.co\/wp-content\/uploads\/2022\/09\/cropped-favicon-1.png\" class=\"attachment-full size-full wp-image-688\" alt=\"\" srcset=\"https:\/\/maviponque.com.co\/wp-content\/uploads\/2022\/09\/cropped-favicon-1.png 512w, https:\/\/maviponque.com.co\/wp-content\/uploads\/2022\/09\/cropped-favicon-1-300x300.png 300w, https:\/\/maviponque.com.co\/wp-content\/uploads\/2022\/09\/cropped-favicon-1-150x150.png 150w, https:\/\/maviponque.com.co\/wp-content\/uploads\/2022\/09\/cropped-favicon-1-270x270.png 270w, https:\/\/maviponque.com.co\/wp-content\/uploads\/2022\/09\/cropped-favicon-1-192x192.png 192w, https:\/\/maviponque.com.co\/wp-content\/uploads\/2022\/09\/cropped-favicon-1-180x180.png 180w, https:\/\/maviponque.com.co\/wp-content\/uploads\/2022\/09\/cropped-favicon-1-32x32.png 32w\" \/><\/figure><div class=\"elementor-image-box-content\"><h3 class=\"elementor-image-box-title\">VISI\u00d3N<\/h3><p class=\"elementor-image-box-description\"><b>Ser una empresa l\u00edder en el sector de panader\u00eda y pasteler\u00eda siendo preferidos como una soluci\u00f3n alimentaria confiable, por nuestra calidad e innovaci\u00f3n.\nCon una trayectoria de m\u00e1s de 20 a\u00f1os deleitando los paladares de los colombianos con productos de la m\u00e1s alta calidad al mejor precio del mercado, logrando la preferencia de los clientes y de toda la sociedad nacional e internacional.<\/b><\/p><\/div><\/div>\t\t<\/div>\n\t\t\t\t<\/div>\n\t\t\t\t\t<\/div>\n\t\t<\/div>\n\t\t\t\t\t\t\t<\/div>\n\t\t<\/section>\n\t\t\t\t\t\t\t<\/div>\n\t\t","protected":false},"excerpt":{"rendered":"<p>Nuestra Historia Nacimos como un sue\u00f1o. As\u00ed resumimos la historia Maviponque, con Don Manuel su esposa e hijos como creadores de una empresa construida con amor, tenacidad y empuje, como solo los Colombianos lo sabemos hacer.Desde 1998 ha estado en la misma cuadra y presente en los hogares, con variedad de productos e historias que [&hellip;]<\/p>\n","protected":false},"author":1,"featured_media":0,"parent":0,"menu_order":0,"comment_status":"closed","ping_status":"closed","template":"","meta":{"_eb_attr":"","footnotes":""},"class_list":["post-7","page","type-page","status-publish","hentry"],"_links":{"self":[{"href":"https:\/\/maviponque.com.co\/index.php\/wp-json\/wp\/v2\/pages\/7","targetHints":{"allow":["GET"]}}],"collection":[{"href":"https:\/\/maviponque.com.co\/index.php\/wp-json\/wp\/v2\/pages"}],"about":[{"href":"https:\/\/maviponque.com.co\/index.php\/wp-json\/wp\/v2\/types\/page"}],"author":[{"embeddable":true,"href":"https:\/\/maviponque.com.co\/index.php\/wp-json\/wp\/v2\/users\/1"}],"replies":[{"embeddable":true,"href":"https:\/\/maviponque.com.co\/index.php\/wp-json\/wp\/v2\/comments?post=7"}],"version-history":[{"count":35,"href":"https:\/\/maviponque.com.co\/index.php\/wp-json\/wp\/v2\/pages\/7\/revisions"}],"predecessor-version":[{"id":1435,"href":"https:\/\/maviponque.com.co\/index.php\/wp-json\/wp\/v2\/pages\/7\/revisions\/1435"}],"wp:attachment":[{"href":"https:\/\/maviponque.com.co\/index.php\/wp-json\/wp\/v2\/media?parent=7"}],"curies":[{"name":"wp","href":"https:\/\/api.w.org\/{rel}","templated":true}]}}