{"id":923,"date":"2023-07-17T02:20:49","date_gmt":"2023-07-17T02:20:49","guid":{"rendered":"https:\/\/maviponque.com.co\/?page_id=923"},"modified":"2023-08-02T00:45:02","modified_gmt":"2023-08-02T00:45:02","slug":"pasteleria","status":"publish","type":"page","link":"https:\/\/maviponque.com.co\/index.php\/pasteleria\/","title":{"rendered":"PASTELER\u00cdA"},"content":{"rendered":"\t\t<div data-elementor-type=\"wp-page\" data-elementor-id=\"923\" class=\"elementor elementor-923\">\n\t\t\t\t\t\t\t\t\t<section class=\"elementor-section elementor-top-section elementor-element elementor-element-1a52d79 elementor-section-boxed elementor-section-height-default elementor-section-height-default\" data-id=\"1a52d79\" data-element_type=\"section\">\n\t\t\t\t\t\t<div class=\"elementor-container elementor-column-gap-default\">\n\t\t\t\t\t<div class=\"aux-parallax-section elementor-column elementor-col-100 elementor-top-column elementor-element elementor-element-08dd1df\" data-id=\"08dd1df\" data-element_type=\"column\">\n\t\t\t<div class=\"elementor-widget-wrap elementor-element-populated\">\n\t\t\t\t\t\t\t\t\t<\/div>\n\t\t<\/div>\n\t\t\t\t\t\t\t<\/div>\n\t\t<\/section>\n\t\t\t\t<section class=\"elementor-section elementor-top-section elementor-element elementor-element-5213d912 elementor-section-boxed elementor-section-height-default elementor-section-height-default\" data-id=\"5213d912\" data-element_type=\"section\">\n\t\t\t\t\t\t<div class=\"elementor-container elementor-column-gap-default\">\n\t\t\t\t\t<div class=\"aux-parallax-section elementor-column elementor-col-16 elementor-top-column elementor-element elementor-element-3180dd9f\" data-id=\"3180dd9f\" data-element_type=\"column\">\n\t\t\t<div class=\"elementor-widget-wrap\">\n\t\t\t\t\t\t\t\t\t<\/div>\n\t\t<\/div>\n\t\t\t\t<div class=\"aux-parallax-section elementor-column elementor-col-66 elementor-top-column elementor-element elementor-element-34c426ae\" data-id=\"34c426ae\" data-element_type=\"column\">\n\t\t\t<div class=\"elementor-widget-wrap elementor-element-populated\">\n\t\t\t\t\t\t\t\t<div class=\"elementor-element elementor-element-18d8927f elementor-widget elementor-widget-heading\" data-id=\"18d8927f\" data-element_type=\"widget\" data-widget_type=\"heading.default\">\n\t\t\t\t<div class=\"elementor-widget-container\">\n\t\t\t<h2 class=\"elementor-heading-title elementor-size-default\">Nuestros Productos<\/h2>\t\t<\/div>\n\t\t\t\t<\/div>\n\t\t\t\t\t<\/div>\n\t\t<\/div>\n\t\t\t\t<div class=\"aux-parallax-section elementor-column elementor-col-16 elementor-top-column elementor-element elementor-element-5b0f2fef\" data-id=\"5b0f2fef\" data-element_type=\"column\">\n\t\t\t<div class=\"elementor-widget-wrap\">\n\t\t\t\t\t\t\t\t\t<\/div>\n\t\t<\/div>\n\t\t\t\t\t\t\t<\/div>\n\t\t<\/section>\n\t\t\t\t<section class=\"elementor-section elementor-top-section elementor-element elementor-element-761fed7 elementor-section-boxed elementor-section-height-default elementor-section-height-default\" data-id=\"761fed7\" data-element_type=\"section\">\n\t\t\t\t\t\t<div class=\"elementor-container elementor-column-gap-default\">\n\t\t\t\t\t<div class=\"aux-parallax-section elementor-column elementor-col-16 elementor-top-column elementor-element elementor-element-37a3eab7\" data-id=\"37a3eab7\" data-element_type=\"column\">\n\t\t\t<div class=\"elementor-widget-wrap\">\n\t\t\t\t\t\t\t\t\t<\/div>\n\t\t<\/div>\n\t\t\t\t<div class=\"aux-parallax-section elementor-column elementor-col-66 elementor-top-column elementor-element elementor-element-59d70cb5\" data-id=\"59d70cb5\" data-element_type=\"column\">\n\t\t\t<div class=\"elementor-widget-wrap elementor-element-populated\">\n\t\t\t\t\t\t\t\t<div class=\"elementor-element elementor-element-999283d elementor-widget elementor-widget-text-editor\" data-id=\"999283d\" data-element_type=\"widget\" data-widget_type=\"text-editor.default\">\n\t\t\t\t<div class=\"elementor-widget-container\">\n\t\t\t\t\t\t\t<p class=\"MsoNormal\" style=\"font-size: 16.0016px; text-align: center;\"><strong>\u00a1Bienvenido a la secci\u00f3n de pasteler\u00eda de Maviponque!<\/strong><\/p><p class=\"MsoNormal\" style=\"font-size: 16.0016px; text-align: center;\"><strong>Aqu\u00ed encontrar\u00e1s una selecci\u00f3n de los productos m\u00e1s deliciosos, todos ellos elaborados con un proceso artesanal cuidado y delicado. En nuestra pasteler\u00eda, utilizamos los mejores ingredientes para ofrecerte una experiencia \u00fanica de sabor y textura que no podr\u00e1s encontrar en ning\u00fan otro lugar. Cada uno de nuestros productos es hecho a mano con mucho amor y dedicaci\u00f3n, queremos que puedas sentir el cari\u00f1o en cada bocado. \u00bfEst\u00e1s listo para probar los mejores productos de pasteler\u00eda? Entonces te invitamos a explorar todo lo que Maviponque tiene para ofrecerte.<\/strong><\/p>\t\t\t\t\t\t<\/div>\n\t\t\t\t<\/div>\n\t\t\t\t<div class=\"elementor-element elementor-element-ad7272a elementor-invisible elementor-widget elementor-widget-accordion\" data-id=\"ad7272a\" data-element_type=\"widget\" data-settings=\"{&quot;_animation&quot;:&quot;fadeIn&quot;}\" data-widget_type=\"accordion.default\">\n\t\t\t\t<div class=\"elementor-widget-container\">\n\t\t\t\t\t<div class=\"elementor-accordion\">\n\t\t\t\t\t\t\t<div class=\"elementor-accordion-item\">\n\t\t\t\t\t<div id=\"elementor-tab-title-1811\" class=\"elementor-tab-title\" data-tab=\"1\" role=\"button\" aria-controls=\"elementor-tab-content-1811\" aria-expanded=\"false\">\n\t\t\t\t\t\t\t\t\t\t\t\t\t<span class=\"elementor-accordion-icon elementor-accordion-icon-left\" aria-hidden=\"true\">\n\t\t\t\t\t\t\t\t\t\t\t\t\t\t\t<span class=\"elementor-accordion-icon-closed\"><i class=\"fas fa-plus\"><\/i><\/span>\n\t\t\t\t\t\t\t\t<span class=\"elementor-accordion-icon-opened\"><i class=\"fas fa-minus\"><\/i><\/span>\n\t\t\t\t\t\t\t\t\t\t\t\t\t\t<\/span>\n\t\t\t\t\t\t\t\t\t\t\t\t<a class=\"elementor-accordion-title\" tabindex=\"0\">PASTELER\u00edA<\/a>\n\t\t\t\t\t<\/div>\n\t\t\t\t\t<div id=\"elementor-tab-content-1811\" class=\"elementor-tab-content elementor-clearfix\" data-tab=\"1\" role=\"region\" aria-labelledby=\"elementor-tab-title-1811\"><p>Pastel con pollo caja x 10 unidades<br \/>Milhojas x 8 unidades<br \/>Pasabocas con bocadillo x 15 unidades<br \/>Pasabocas con bocadillo x 40 unidades<br \/>Corazones con chocolate x 25 unidades<br \/>Corazones x 40 unidades<br \/>Pastel de pollo especial<br \/>Flautas con bocadillo x 15 unidades<br \/>Pa\u00f1uelitos<\/p><\/div>\n\t\t\t\t<\/div>\n\t\t\t\t\t\t\t\t<\/div>\n\t\t\t\t<\/div>\n\t\t\t\t<\/div>\n\t\t\t\t\t<\/div>\n\t\t<\/div>\n\t\t\t\t<div class=\"aux-parallax-section elementor-column elementor-col-16 elementor-top-column elementor-element elementor-element-7904538f\" data-id=\"7904538f\" data-element_type=\"column\">\n\t\t\t<div class=\"elementor-widget-wrap\">\n\t\t\t\t\t\t\t\t\t<\/div>\n\t\t<\/div>\n\t\t\t\t\t\t\t<\/div>\n\t\t<\/section>\n\t\t\t\t<section class=\"elementor-section elementor-top-section elementor-element elementor-element-db559a5 elementor-section-boxed elementor-section-height-default elementor-section-height-default\" data-id=\"db559a5\" data-element_type=\"section\">\n\t\t\t\t\t\t<div class=\"elementor-container elementor-column-gap-default\">\n\t\t\t\t\t<div class=\"aux-parallax-section elementor-column elementor-col-20 elementor-top-column elementor-element elementor-element-ebd4a25\" data-id=\"ebd4a25\" data-element_type=\"column\">\n\t\t\t<div class=\"elementor-widget-wrap\">\n\t\t\t\t\t\t\t\t\t<\/div>\n\t\t<\/div>\n\t\t\t\t<div class=\"aux-parallax-section elementor-column elementor-col-20 elementor-top-column elementor-element elementor-element-20a20f5\" data-id=\"20a20f5\" data-element_type=\"column\">\n\t\t\t<div class=\"elementor-widget-wrap elementor-element-populated\">\n\t\t\t\t\t\t\t\t<div class=\"elementor-element elementor-element-590ce9a elementor-widget elementor-widget-image\" data-id=\"590ce9a\" data-element_type=\"widget\" data-widget_type=\"image.default\">\n\t\t\t\t<div class=\"elementor-widget-container\">\n\t\t\t\t\t\t\t\t\t\t\t\t<figure class=\"wp-caption\">\n\t\t\t\t\t\t\t\t\t\t\t<a href=\"https:\/\/maviponque.com.co\/wp-content\/uploads\/2023\/08\/Pastel-con-pollo-x10-unidades.png\" data-elementor-open-lightbox=\"yes\" data-elementor-lightbox-title=\"Pastel con pollo x10 unidades\" data-e-action-hash=\"#elementor-action%3Aaction%3Dlightbox%26settings%3DeyJpZCI6MTYxOCwidXJsIjoiaHR0cHM6XC9cL21hdmlwb25xdWUuY29tLmNvXC93cC1jb250ZW50XC91cGxvYWRzXC8yMDIzXC8wOFwvUGFzdGVsLWNvbi1wb2xsby14MTAtdW5pZGFkZXMucG5nIn0%3D\">\n\t\t\t\t\t\t\t<img loading=\"lazy\" decoding=\"async\" width=\"1024\" height=\"920\" src=\"https:\/\/maviponque.com.co\/wp-content\/uploads\/2023\/08\/Pastel-con-pollo-x10-unidades-1024x920.png\" class=\"attachment-large size-large wp-image-1618\" alt=\"\" \/>\t\t\t\t\t\t\t\t<\/a>\n\t\t\t\t\t\t\t\t\t\t\t<figcaption class=\"widget-image-caption wp-caption-text\">Pastel con pollo x10 unidades<\/figcaption>\n\t\t\t\t\t\t\t\t\t\t<\/figure>\n\t\t\t\t\t\t\t\t\t<\/div>\n\t\t\t\t<\/div>\n\t\t\t\t\t<\/div>\n\t\t<\/div>\n\t\t\t\t<div class=\"aux-parallax-section elementor-column elementor-col-20 elementor-top-column elementor-element elementor-element-edfab24\" data-id=\"edfab24\" data-element_type=\"column\">\n\t\t\t<div class=\"elementor-widget-wrap elementor-element-populated\">\n\t\t\t\t\t\t\t\t<div class=\"elementor-element elementor-element-f2e479f elementor-widget elementor-widget-image\" data-id=\"f2e479f\" data-element_type=\"widget\" data-widget_type=\"image.default\">\n\t\t\t\t<div class=\"elementor-widget-container\">\n\t\t\t\t\t\t\t\t\t\t\t\t<figure class=\"wp-caption\">\n\t\t\t\t\t\t\t\t\t\t\t<a href=\"https:\/\/maviponque.com.co\/wp-content\/uploads\/2023\/08\/Corazones-con-chocolate.png\" data-elementor-open-lightbox=\"yes\" data-elementor-lightbox-title=\"Corazones con chocolate\" data-e-action-hash=\"#elementor-action%3Aaction%3Dlightbox%26settings%3DeyJpZCI6MTYyMiwidXJsIjoiaHR0cHM6XC9cL21hdmlwb25xdWUuY29tLmNvXC93cC1jb250ZW50XC91cGxvYWRzXC8yMDIzXC8wOFwvQ29yYXpvbmVzLWNvbi1jaG9jb2xhdGUucG5nIn0%3D\">\n\t\t\t\t\t\t\t<img loading=\"lazy\" decoding=\"async\" width=\"1024\" height=\"920\" src=\"https:\/\/maviponque.com.co\/wp-content\/uploads\/2023\/08\/Corazones-con-chocolate-1024x920.png\" class=\"attachment-large size-large wp-image-1622\" alt=\"\" \/>\t\t\t\t\t\t\t\t<\/a>\n\t\t\t\t\t\t\t\t\t\t\t<figcaption class=\"widget-image-caption wp-caption-text\">Corazones con chocolate<\/figcaption>\n\t\t\t\t\t\t\t\t\t\t<\/figure>\n\t\t\t\t\t\t\t\t\t<\/div>\n\t\t\t\t<\/div>\n\t\t\t\t\t<\/div>\n\t\t<\/div>\n\t\t\t\t<div class=\"aux-parallax-section elementor-column elementor-col-20 elementor-top-column elementor-element elementor-element-2d2aec4\" data-id=\"2d2aec4\" data-element_type=\"column\">\n\t\t\t<div class=\"elementor-widget-wrap elementor-element-populated\">\n\t\t\t\t\t\t\t\t<div class=\"elementor-element elementor-element-6f06147 elementor-widget elementor-widget-image\" data-id=\"6f06147\" data-element_type=\"widget\" data-widget_type=\"image.default\">\n\t\t\t\t<div class=\"elementor-widget-container\">\n\t\t\t\t\t\t\t\t\t\t\t\t<figure class=\"wp-caption\">\n\t\t\t\t\t\t\t\t\t\t\t<a href=\"https:\/\/maviponque.com.co\/wp-content\/uploads\/2023\/08\/Pastel-con-pollo-especial.png\" data-elementor-open-lightbox=\"yes\" data-elementor-lightbox-title=\"Pastel con pollo especial\" data-e-action-hash=\"#elementor-action%3Aaction%3Dlightbox%26settings%3DeyJpZCI6MTYyNywidXJsIjoiaHR0cHM6XC9cL21hdmlwb25xdWUuY29tLmNvXC93cC1jb250ZW50XC91cGxvYWRzXC8yMDIzXC8wOFwvUGFzdGVsLWNvbi1wb2xsby1lc3BlY2lhbC5wbmcifQ%3D%3D\">\n\t\t\t\t\t\t\t<img loading=\"lazy\" decoding=\"async\" width=\"1024\" height=\"920\" src=\"https:\/\/maviponque.com.co\/wp-content\/uploads\/2023\/08\/Pastel-con-pollo-especial-1024x920.png\" class=\"attachment-large size-large wp-image-1627\" alt=\"\" \/>\t\t\t\t\t\t\t\t<\/a>\n\t\t\t\t\t\t\t\t\t\t\t<figcaption class=\"widget-image-caption wp-caption-text\">Pastel con pollo especial<\/figcaption>\n\t\t\t\t\t\t\t\t\t\t<\/figure>\n\t\t\t\t\t\t\t\t\t<\/div>\n\t\t\t\t<\/div>\n\t\t\t\t\t<\/div>\n\t\t<\/div>\n\t\t\t\t<div class=\"aux-parallax-section elementor-column elementor-col-20 elementor-top-column elementor-element elementor-element-a915dda\" data-id=\"a915dda\" data-element_type=\"column\">\n\t\t\t<div class=\"elementor-widget-wrap\">\n\t\t\t\t\t\t\t\t\t<\/div>\n\t\t<\/div>\n\t\t\t\t\t\t\t<\/div>\n\t\t<\/section>\n\t\t\t\t<section class=\"elementor-section elementor-top-section elementor-element elementor-element-654751f elementor-section-boxed elementor-section-height-default elementor-section-height-default\" data-id=\"654751f\" data-element_type=\"section\">\n\t\t\t\t\t\t<div class=\"elementor-container elementor-column-gap-default\">\n\t\t\t\t\t<div class=\"aux-parallax-section elementor-column elementor-col-20 elementor-top-column elementor-element elementor-element-cffbd61\" data-id=\"cffbd61\" data-element_type=\"column\">\n\t\t\t<div class=\"elementor-widget-wrap\">\n\t\t\t\t\t\t\t\t\t<\/div>\n\t\t<\/div>\n\t\t\t\t<div class=\"aux-parallax-section elementor-column elementor-col-20 elementor-top-column elementor-element elementor-element-df3079c\" data-id=\"df3079c\" data-element_type=\"column\">\n\t\t\t<div class=\"elementor-widget-wrap elementor-element-populated\">\n\t\t\t\t\t\t\t\t<div class=\"elementor-element elementor-element-7c5bc50 elementor-widget elementor-widget-image\" data-id=\"7c5bc50\" data-element_type=\"widget\" data-widget_type=\"image.default\">\n\t\t\t\t<div class=\"elementor-widget-container\">\n\t\t\t\t\t\t\t\t\t\t\t\t<figure class=\"wp-caption\">\n\t\t\t\t\t\t\t\t\t\t\t<a href=\"https:\/\/maviponque.com.co\/wp-content\/uploads\/2023\/08\/Milhojas-x8-unidades.png\" data-elementor-open-lightbox=\"yes\" data-elementor-lightbox-title=\"Milhojas x8 unidades\" data-e-action-hash=\"#elementor-action%3Aaction%3Dlightbox%26settings%3DeyJpZCI6MTY1NCwidXJsIjoiaHR0cHM6XC9cL21hdmlwb25xdWUuY29tLmNvXC93cC1jb250ZW50XC91cGxvYWRzXC8yMDIzXC8wOFwvTWlsaG9qYXMteDgtdW5pZGFkZXMucG5nIn0%3D\">\n\t\t\t\t\t\t\t<img loading=\"lazy\" decoding=\"async\" width=\"1024\" height=\"920\" src=\"https:\/\/maviponque.com.co\/wp-content\/uploads\/2023\/08\/Milhojas-x8-unidades-1024x920.png\" class=\"attachment-large size-large wp-image-1654\" alt=\"\" \/>\t\t\t\t\t\t\t\t<\/a>\n\t\t\t\t\t\t\t\t\t\t\t<figcaption class=\"widget-image-caption wp-caption-text\">MIlhojas x8 unidades<\/figcaption>\n\t\t\t\t\t\t\t\t\t\t<\/figure>\n\t\t\t\t\t\t\t\t\t<\/div>\n\t\t\t\t<\/div>\n\t\t\t\t\t<\/div>\n\t\t<\/div>\n\t\t\t\t<div class=\"aux-parallax-section elementor-column elementor-col-20 elementor-top-column elementor-element elementor-element-6fee652\" data-id=\"6fee652\" data-element_type=\"column\">\n\t\t\t<div class=\"elementor-widget-wrap elementor-element-populated\">\n\t\t\t\t\t\t\t\t<div class=\"elementor-element elementor-element-a3c70ac elementor-widget elementor-widget-image\" data-id=\"a3c70ac\" data-element_type=\"widget\" data-widget_type=\"image.default\">\n\t\t\t\t<div class=\"elementor-widget-container\">\n\t\t\t\t\t\t\t\t\t\t\t\t<figure class=\"wp-caption\">\n\t\t\t\t\t\t\t\t\t\t\t<a href=\"https:\/\/maviponque.com.co\/wp-content\/uploads\/2023\/08\/Flautas-con-bocadillo-x15-unidades.png\" data-elementor-open-lightbox=\"yes\" data-elementor-lightbox-title=\"Flautas con bocadillo x15 unidades\" data-e-action-hash=\"#elementor-action%3Aaction%3Dlightbox%26settings%3DeyJpZCI6MTYzNSwidXJsIjoiaHR0cHM6XC9cL21hdmlwb25xdWUuY29tLmNvXC93cC1jb250ZW50XC91cGxvYWRzXC8yMDIzXC8wOFwvRmxhdXRhcy1jb24tYm9jYWRpbGxvLXgxNS11bmlkYWRlcy5wbmcifQ%3D%3D\">\n\t\t\t\t\t\t\t<img loading=\"lazy\" decoding=\"async\" width=\"1024\" height=\"920\" src=\"https:\/\/maviponque.com.co\/wp-content\/uploads\/2023\/08\/Flautas-con-bocadillo-x15-unidades-1024x920.png\" class=\"attachment-large size-large wp-image-1635\" alt=\"\" \/>\t\t\t\t\t\t\t\t<\/a>\n\t\t\t\t\t\t\t\t\t\t\t<figcaption class=\"widget-image-caption wp-caption-text\">Flautas con bocadillo x15 unidades<\/figcaption>\n\t\t\t\t\t\t\t\t\t\t<\/figure>\n\t\t\t\t\t\t\t\t\t<\/div>\n\t\t\t\t<\/div>\n\t\t\t\t\t<\/div>\n\t\t<\/div>\n\t\t\t\t<div class=\"aux-parallax-section elementor-column elementor-col-20 elementor-top-column elementor-element elementor-element-4e150db\" data-id=\"4e150db\" data-element_type=\"column\">\n\t\t\t<div class=\"elementor-widget-wrap elementor-element-populated\">\n\t\t\t\t\t\t\t\t<div class=\"elementor-element elementor-element-d9dfbd6 elementor-widget elementor-widget-image\" data-id=\"d9dfbd6\" data-element_type=\"widget\" data-widget_type=\"image.default\">\n\t\t\t\t<div class=\"elementor-widget-container\">\n\t\t\t\t\t\t\t\t\t\t\t\t<figure class=\"wp-caption\">\n\t\t\t\t\t\t\t\t\t\t\t<a href=\"https:\/\/maviponque.com.co\/wp-content\/uploads\/2023\/08\/Pasabocas-con-bocadillo.png\" data-elementor-open-lightbox=\"yes\" data-elementor-lightbox-title=\"Pasabocas con bocadillo\" data-e-action-hash=\"#elementor-action%3Aaction%3Dlightbox%26settings%3DeyJpZCI6MTY1OSwidXJsIjoiaHR0cHM6XC9cL21hdmlwb25xdWUuY29tLmNvXC93cC1jb250ZW50XC91cGxvYWRzXC8yMDIzXC8wOFwvUGFzYWJvY2FzLWNvbi1ib2NhZGlsbG8ucG5nIn0%3D\">\n\t\t\t\t\t\t\t<img loading=\"lazy\" decoding=\"async\" width=\"1024\" height=\"777\" src=\"https:\/\/maviponque.com.co\/wp-content\/uploads\/2023\/08\/Pasabocas-con-bocadillo-1024x777.png\" class=\"attachment-large size-large wp-image-1659\" alt=\"\" \/>\t\t\t\t\t\t\t\t<\/a>\n\t\t\t\t\t\t\t\t\t\t\t<figcaption class=\"widget-image-caption wp-caption-text\">Pasabocas con bocadillo<\/figcaption>\n\t\t\t\t\t\t\t\t\t\t<\/figure>\n\t\t\t\t\t\t\t\t\t<\/div>\n\t\t\t\t<\/div>\n\t\t\t\t\t<\/div>\n\t\t<\/div>\n\t\t\t\t<div class=\"aux-parallax-section elementor-column elementor-col-20 elementor-top-column elementor-element elementor-element-5ed2c9b\" data-id=\"5ed2c9b\" data-element_type=\"column\">\n\t\t\t<div class=\"elementor-widget-wrap\">\n\t\t\t\t\t\t\t\t\t<\/div>\n\t\t<\/div>\n\t\t\t\t\t\t\t<\/div>\n\t\t<\/section>\n\t\t\t\t\t\t\t<\/div>\n\t\t","protected":false},"excerpt":{"rendered":"<p>Nuestros Productos \u00a1Bienvenido a la secci\u00f3n de pasteler\u00eda de Maviponque! Aqu\u00ed encontrar\u00e1s una selecci\u00f3n de los productos m\u00e1s deliciosos, todos ellos elaborados con un proceso artesanal cuidado y delicado. En nuestra pasteler\u00eda, utilizamos los mejores ingredientes para ofrecerte una experiencia \u00fanica de sabor y textura que no podr\u00e1s encontrar en ning\u00fan otro lugar. Cada uno [&hellip;]<\/p>\n","protected":false},"author":1,"featured_media":0,"parent":0,"menu_order":0,"comment_status":"closed","ping_status":"closed","template":"","meta":{"_eb_attr":"","footnotes":""},"class_list":["post-923","page","type-page","status-publish","hentry"],"_links":{"self":[{"href":"https:\/\/maviponque.com.co\/index.php\/wp-json\/wp\/v2\/pages\/923","targetHints":{"allow":["GET"]}}],"collection":[{"href":"https:\/\/maviponque.com.co\/index.php\/wp-json\/wp\/v2\/pages"}],"about":[{"href":"https:\/\/maviponque.com.co\/index.php\/wp-json\/wp\/v2\/types\/page"}],"author":[{"embeddable":true,"href":"https:\/\/maviponque.com.co\/index.php\/wp-json\/wp\/v2\/users\/1"}],"replies":[{"embeddable":true,"href":"https:\/\/maviponque.com.co\/index.php\/wp-json\/wp\/v2\/comments?post=923"}],"version-history":[{"count":76,"href":"https:\/\/maviponque.com.co\/index.php\/wp-json\/wp\/v2\/pages\/923\/revisions"}],"predecessor-version":[{"id":1665,"href":"https:\/\/maviponque.com.co\/index.php\/wp-json\/wp\/v2\/pages\/923\/revisions\/1665"}],"wp:attachment":[{"href":"https:\/\/maviponque.com.co\/index.php\/wp-json\/wp\/v2\/media?parent=923"}],"curies":[{"name":"wp","href":"https:\/\/api.w.org\/{rel}","templated":true}]}}