{"id":958,"date":"2023-07-17T03:03:22","date_gmt":"2023-07-17T03:03:22","guid":{"rendered":"https:\/\/maviponque.com.co\/?page_id=958"},"modified":"2023-08-02T20:43:43","modified_gmt":"2023-08-02T20:43:43","slug":"reposteria","status":"publish","type":"page","link":"https:\/\/maviponque.com.co\/index.php\/reposteria\/","title":{"rendered":"REPOSTER\u00cdA"},"content":{"rendered":"\t\t<div data-elementor-type=\"wp-page\" data-elementor-id=\"958\" class=\"elementor elementor-958\">\n\t\t\t\t\t\t\t\t\t<section class=\"elementor-section elementor-top-section elementor-element elementor-element-9810ffe elementor-section-boxed elementor-section-height-default elementor-section-height-default\" data-id=\"9810ffe\" data-element_type=\"section\">\n\t\t\t\t\t\t<div class=\"elementor-container elementor-column-gap-default\">\n\t\t\t\t\t<div class=\"aux-parallax-section elementor-column elementor-col-100 elementor-top-column elementor-element elementor-element-15723b0\" data-id=\"15723b0\" data-element_type=\"column\">\n\t\t\t<div class=\"elementor-widget-wrap elementor-element-populated\">\n\t\t\t\t\t\t\t\t\t<\/div>\n\t\t<\/div>\n\t\t\t\t\t\t\t<\/div>\n\t\t<\/section>\n\t\t\t\t<section class=\"elementor-section elementor-top-section elementor-element elementor-element-16501a12 elementor-section-boxed elementor-section-height-default elementor-section-height-default\" data-id=\"16501a12\" data-element_type=\"section\">\n\t\t\t\t\t\t<div class=\"elementor-container elementor-column-gap-default\">\n\t\t\t\t\t<div class=\"aux-parallax-section elementor-column elementor-col-16 elementor-top-column elementor-element elementor-element-1fd9cd9d\" data-id=\"1fd9cd9d\" data-element_type=\"column\">\n\t\t\t<div class=\"elementor-widget-wrap\">\n\t\t\t\t\t\t\t\t\t<\/div>\n\t\t<\/div>\n\t\t\t\t<div class=\"aux-parallax-section elementor-column elementor-col-66 elementor-top-column elementor-element elementor-element-5efcdfd6\" data-id=\"5efcdfd6\" data-element_type=\"column\">\n\t\t\t<div class=\"elementor-widget-wrap elementor-element-populated\">\n\t\t\t\t\t\t\t\t<div class=\"elementor-element elementor-element-77c3c34d elementor-widget elementor-widget-heading\" data-id=\"77c3c34d\" data-element_type=\"widget\" data-widget_type=\"heading.default\">\n\t\t\t\t<div class=\"elementor-widget-container\">\n\t\t\t<h2 class=\"elementor-heading-title elementor-size-default\">Nuestros Productos<\/h2>\t\t<\/div>\n\t\t\t\t<\/div>\n\t\t\t\t\t<\/div>\n\t\t<\/div>\n\t\t\t\t<div class=\"aux-parallax-section elementor-column elementor-col-16 elementor-top-column elementor-element elementor-element-55fe0972\" data-id=\"55fe0972\" data-element_type=\"column\">\n\t\t\t<div class=\"elementor-widget-wrap\">\n\t\t\t\t\t\t\t\t\t<\/div>\n\t\t<\/div>\n\t\t\t\t\t\t\t<\/div>\n\t\t<\/section>\n\t\t\t\t<section class=\"elementor-section elementor-top-section elementor-element elementor-element-40c7e2cc elementor-section-boxed elementor-section-height-default elementor-section-height-default\" data-id=\"40c7e2cc\" data-element_type=\"section\">\n\t\t\t\t\t\t<div class=\"elementor-container elementor-column-gap-default\">\n\t\t\t\t\t<div class=\"aux-parallax-section elementor-column elementor-col-16 elementor-top-column elementor-element elementor-element-5203055\" data-id=\"5203055\" data-element_type=\"column\">\n\t\t\t<div class=\"elementor-widget-wrap\">\n\t\t\t\t\t\t\t\t\t<\/div>\n\t\t<\/div>\n\t\t\t\t<div class=\"aux-parallax-section elementor-column elementor-col-66 elementor-top-column elementor-element elementor-element-12823396\" data-id=\"12823396\" data-element_type=\"column\">\n\t\t\t<div class=\"elementor-widget-wrap elementor-element-populated\">\n\t\t\t\t\t\t\t\t<div class=\"elementor-element elementor-element-15ac9b0 elementor-widget elementor-widget-text-editor\" data-id=\"15ac9b0\" data-element_type=\"widget\" data-widget_type=\"text-editor.default\">\n\t\t\t\t<div class=\"elementor-widget-container\">\n\t\t\t\t\t\t\t<p style=\"text-align: center;\"><strong>\u00a1Bienvenido a la secci\u00f3n de reposter\u00eda de Maviponque!<\/strong><\/p><p style=\"text-align: center;\"><strong>Aqu\u00ed podr\u00e1s encontrar una amplia variedad de productos elaborados con dedicaci\u00f3n y pasi\u00f3n en cada detalle. Nuestra reposter\u00eda se destaca por sus procesos artesanales, donde cada pieza es cuidadosamente elaborada a mano para garantizar la mejor calidad. Cada producto que ofrecemos est\u00e1 impregnado de mucho sabor y amor, para que puedas disfrutar de una experiencia \u00fanica al probarlos. Ya sea que est\u00e9s buscando pasteles, tartas, cupcakes o cualquier otra delicia, en Reposter\u00eda Maviponque encontrar\u00e1s el balance perfecto entre lo artesanal y lo delicioso. \u00a1Qu\u00e9 esperas para deleitar tus sentidos con nuestros exquisitos productos de reposter\u00eda!<\/strong><\/p>\t\t\t\t\t\t<\/div>\n\t\t\t\t<\/div>\n\t\t\t\t<div class=\"elementor-element elementor-element-520793de elementor-invisible elementor-widget elementor-widget-accordion\" data-id=\"520793de\" data-element_type=\"widget\" data-settings=\"{&quot;_animation&quot;:&quot;fadeIn&quot;}\" data-widget_type=\"accordion.default\">\n\t\t\t\t<div class=\"elementor-widget-container\">\n\t\t\t\t\t<div class=\"elementor-accordion\">\n\t\t\t\t\t\t\t<div class=\"elementor-accordion-item\">\n\t\t\t\t\t<div id=\"elementor-tab-title-1371\" class=\"elementor-tab-title\" data-tab=\"1\" role=\"button\" aria-controls=\"elementor-tab-content-1371\" aria-expanded=\"false\">\n\t\t\t\t\t\t\t\t\t\t\t\t\t<span class=\"elementor-accordion-icon elementor-accordion-icon-left\" aria-hidden=\"true\">\n\t\t\t\t\t\t\t\t\t\t\t\t\t\t\t<span class=\"elementor-accordion-icon-closed\"><i class=\"fas fa-plus\"><\/i><\/span>\n\t\t\t\t\t\t\t\t<span class=\"elementor-accordion-icon-opened\"><i class=\"fas fa-minus\"><\/i><\/span>\n\t\t\t\t\t\t\t\t\t\t\t\t\t\t<\/span>\n\t\t\t\t\t\t\t\t\t\t\t\t<a class=\"elementor-accordion-title\" tabindex=\"0\">REPOSTER\u00edA<\/a>\n\t\t\t\t\t<\/div>\n\t\t\t\t\t<div id=\"elementor-tab-content-1371\" class=\"elementor-tab-content elementor-clearfix\" data-tab=\"1\" role=\"region\" aria-labelledby=\"elementor-tab-title-1371\"><p>Cheescake de queso x 12 unidades<br \/>Cheescake caja x 12 unidades<br \/>Cheescake decorado x 12 unidades<br \/>Brownie unidad<br \/>Brownie domo x 9 unidades<br \/>Milhoja con crema de leche<br \/>Repollas con crema de leche<br \/>Repolla domo x 25 unidades<br \/>Pie de frutas<\/p><\/div>\n\t\t\t\t<\/div>\n\t\t\t\t\t\t\t\t<\/div>\n\t\t\t\t<\/div>\n\t\t\t\t<\/div>\n\t\t\t\t\t<\/div>\n\t\t<\/div>\n\t\t\t\t<div class=\"aux-parallax-section elementor-column elementor-col-16 elementor-top-column elementor-element elementor-element-3e0e7750\" data-id=\"3e0e7750\" data-element_type=\"column\">\n\t\t\t<div class=\"elementor-widget-wrap\">\n\t\t\t\t\t\t\t\t\t<\/div>\n\t\t<\/div>\n\t\t\t\t\t\t\t<\/div>\n\t\t<\/section>\n\t\t\t\t<section class=\"elementor-section elementor-top-section elementor-element elementor-element-3075b9a elementor-section-boxed elementor-section-height-default elementor-section-height-default\" data-id=\"3075b9a\" data-element_type=\"section\">\n\t\t\t\t\t\t<div class=\"elementor-container elementor-column-gap-default\">\n\t\t\t\t\t<div class=\"aux-parallax-section elementor-column elementor-col-20 elementor-top-column elementor-element elementor-element-3f623cf\" data-id=\"3f623cf\" data-element_type=\"column\">\n\t\t\t<div class=\"elementor-widget-wrap\">\n\t\t\t\t\t\t\t\t\t<\/div>\n\t\t<\/div>\n\t\t\t\t<div class=\"aux-parallax-section elementor-column elementor-col-20 elementor-top-column elementor-element elementor-element-a6e8949\" data-id=\"a6e8949\" data-element_type=\"column\">\n\t\t\t<div class=\"elementor-widget-wrap elementor-element-populated\">\n\t\t\t\t\t\t\t\t<div class=\"elementor-element elementor-element-b75463f elementor-widget elementor-widget-image\" data-id=\"b75463f\" data-element_type=\"widget\" data-widget_type=\"image.default\">\n\t\t\t\t<div class=\"elementor-widget-container\">\n\t\t\t\t\t\t\t\t\t\t\t\t<figure class=\"wp-caption\">\n\t\t\t\t\t\t\t\t\t\t\t<a href=\"https:\/\/maviponque.com.co\/wp-content\/uploads\/2023\/08\/Cheesecake-de-queso.png\" data-elementor-open-lightbox=\"yes\" data-elementor-lightbox-title=\"Cheesecake de queso\" data-e-action-hash=\"#elementor-action%3Aaction%3Dlightbox%26settings%3DeyJpZCI6MTY2NywidXJsIjoiaHR0cHM6XC9cL21hdmlwb25xdWUuY29tLmNvXC93cC1jb250ZW50XC91cGxvYWRzXC8yMDIzXC8wOFwvQ2hlZXNlY2FrZS1kZS1xdWVzby5wbmcifQ%3D%3D\">\n\t\t\t\t\t\t\t<img loading=\"lazy\" decoding=\"async\" width=\"946\" height=\"613\" src=\"https:\/\/maviponque.com.co\/wp-content\/uploads\/2023\/08\/Cheesecake-de-queso.png\" class=\"attachment-large size-large wp-image-1667\" alt=\"\" srcset=\"https:\/\/maviponque.com.co\/wp-content\/uploads\/2023\/08\/Cheesecake-de-queso.png 946w, https:\/\/maviponque.com.co\/wp-content\/uploads\/2023\/08\/Cheesecake-de-queso-280x180.png 280w\" sizes=\"auto, (max-width: 946px) 100vw, 946px\" \/>\t\t\t\t\t\t\t\t<\/a>\n\t\t\t\t\t\t\t\t\t\t\t<figcaption class=\"widget-image-caption wp-caption-text\">Cheesecake de queso<\/figcaption>\n\t\t\t\t\t\t\t\t\t\t<\/figure>\n\t\t\t\t\t\t\t\t\t<\/div>\n\t\t\t\t<\/div>\n\t\t\t\t\t<\/div>\n\t\t<\/div>\n\t\t\t\t<div class=\"aux-parallax-section elementor-column elementor-col-20 elementor-top-column elementor-element elementor-element-a8834e6\" data-id=\"a8834e6\" data-element_type=\"column\">\n\t\t\t<div class=\"elementor-widget-wrap elementor-element-populated\">\n\t\t\t\t\t\t\t\t<div class=\"elementor-element elementor-element-ef67dc7 elementor-widget elementor-widget-image\" data-id=\"ef67dc7\" data-element_type=\"widget\" data-widget_type=\"image.default\">\n\t\t\t\t<div class=\"elementor-widget-container\">\n\t\t\t\t\t\t\t\t\t\t\t\t<figure class=\"wp-caption\">\n\t\t\t\t\t\t\t\t\t\t\t<a href=\"https:\/\/maviponque.com.co\/wp-content\/uploads\/2023\/08\/Brownie-domo.png\" data-elementor-open-lightbox=\"yes\" data-elementor-lightbox-title=\"Brownie domo\" data-e-action-hash=\"#elementor-action%3Aaction%3Dlightbox%26settings%3DeyJpZCI6MTY3MSwidXJsIjoiaHR0cHM6XC9cL21hdmlwb25xdWUuY29tLmNvXC93cC1jb250ZW50XC91cGxvYWRzXC8yMDIzXC8wOFwvQnJvd25pZS1kb21vLnBuZyJ9\">\n\t\t\t\t\t\t\t<img loading=\"lazy\" decoding=\"async\" width=\"1024\" height=\"920\" src=\"https:\/\/maviponque.com.co\/wp-content\/uploads\/2023\/08\/Brownie-domo-1024x920.png\" class=\"attachment-large size-large wp-image-1671\" alt=\"\" \/>\t\t\t\t\t\t\t\t<\/a>\n\t\t\t\t\t\t\t\t\t\t\t<figcaption class=\"widget-image-caption wp-caption-text\">Brownie domo<\/figcaption>\n\t\t\t\t\t\t\t\t\t\t<\/figure>\n\t\t\t\t\t\t\t\t\t<\/div>\n\t\t\t\t<\/div>\n\t\t\t\t\t<\/div>\n\t\t<\/div>\n\t\t\t\t<div class=\"aux-parallax-section elementor-column elementor-col-20 elementor-top-column elementor-element elementor-element-7f6b933\" data-id=\"7f6b933\" data-element_type=\"column\">\n\t\t\t<div class=\"elementor-widget-wrap elementor-element-populated\">\n\t\t\t\t\t\t\t\t<div class=\"elementor-element elementor-element-2854101 elementor-widget elementor-widget-image\" data-id=\"2854101\" data-element_type=\"widget\" data-widget_type=\"image.default\">\n\t\t\t\t<div class=\"elementor-widget-container\">\n\t\t\t\t\t\t\t\t\t\t\t\t<figure class=\"wp-caption\">\n\t\t\t\t\t\t\t\t\t\t\t<a href=\"https:\/\/maviponque.com.co\/wp-content\/uploads\/2023\/08\/Milhoja-con-crema-de-leche.png\" data-elementor-open-lightbox=\"yes\" data-elementor-lightbox-title=\"Milhoja con crema de leche\" data-e-action-hash=\"#elementor-action%3Aaction%3Dlightbox%26settings%3DeyJpZCI6MTY3NSwidXJsIjoiaHR0cHM6XC9cL21hdmlwb25xdWUuY29tLmNvXC93cC1jb250ZW50XC91cGxvYWRzXC8yMDIzXC8wOFwvTWlsaG9qYS1jb24tY3JlbWEtZGUtbGVjaGUucG5nIn0%3D\">\n\t\t\t\t\t\t\t<img loading=\"lazy\" decoding=\"async\" width=\"1024\" height=\"920\" src=\"https:\/\/maviponque.com.co\/wp-content\/uploads\/2023\/08\/Milhoja-con-crema-de-leche-1024x920.png\" class=\"attachment-large size-large wp-image-1675\" alt=\"\" \/>\t\t\t\t\t\t\t\t<\/a>\n\t\t\t\t\t\t\t\t\t\t\t<figcaption class=\"widget-image-caption wp-caption-text\">MIlhoja con crema de leche<\/figcaption>\n\t\t\t\t\t\t\t\t\t\t<\/figure>\n\t\t\t\t\t\t\t\t\t<\/div>\n\t\t\t\t<\/div>\n\t\t\t\t\t<\/div>\n\t\t<\/div>\n\t\t\t\t<div class=\"aux-parallax-section elementor-column elementor-col-20 elementor-top-column elementor-element elementor-element-77b8ac1\" data-id=\"77b8ac1\" data-element_type=\"column\">\n\t\t\t<div class=\"elementor-widget-wrap\">\n\t\t\t\t\t\t\t\t\t<\/div>\n\t\t<\/div>\n\t\t\t\t\t\t\t<\/div>\n\t\t<\/section>\n\t\t\t\t<section class=\"elementor-section elementor-top-section elementor-element elementor-element-8c3fc4d elementor-section-boxed elementor-section-height-default elementor-section-height-default\" data-id=\"8c3fc4d\" data-element_type=\"section\">\n\t\t\t\t\t\t<div class=\"elementor-container elementor-column-gap-default\">\n\t\t\t\t\t<div class=\"aux-parallax-section elementor-column elementor-col-20 elementor-top-column elementor-element elementor-element-c338b4a\" data-id=\"c338b4a\" data-element_type=\"column\">\n\t\t\t<div class=\"elementor-widget-wrap\">\n\t\t\t\t\t\t\t\t\t<\/div>\n\t\t<\/div>\n\t\t\t\t<div class=\"aux-parallax-section elementor-column elementor-col-20 elementor-top-column elementor-element elementor-element-20ccfa9\" data-id=\"20ccfa9\" data-element_type=\"column\">\n\t\t\t<div class=\"elementor-widget-wrap elementor-element-populated\">\n\t\t\t\t\t\t\t\t<div class=\"elementor-element elementor-element-f12df7d elementor-widget elementor-widget-image\" data-id=\"f12df7d\" data-element_type=\"widget\" data-widget_type=\"image.default\">\n\t\t\t\t<div class=\"elementor-widget-container\">\n\t\t\t\t\t\t\t\t\t\t\t\t<figure class=\"wp-caption\">\n\t\t\t\t\t\t\t\t\t\t\t<a href=\"https:\/\/maviponque.com.co\/wp-content\/uploads\/2023\/08\/Repolla-con-crema-de-leche.png\" data-elementor-open-lightbox=\"yes\" data-elementor-lightbox-title=\"Repolla con crema de leche\" data-e-action-hash=\"#elementor-action%3Aaction%3Dlightbox%26settings%3DeyJpZCI6MTY3OSwidXJsIjoiaHR0cHM6XC9cL21hdmlwb25xdWUuY29tLmNvXC93cC1jb250ZW50XC91cGxvYWRzXC8yMDIzXC8wOFwvUmVwb2xsYS1jb24tY3JlbWEtZGUtbGVjaGUucG5nIn0%3D\">\n\t\t\t\t\t\t\t<img loading=\"lazy\" decoding=\"async\" width=\"1024\" height=\"920\" src=\"https:\/\/maviponque.com.co\/wp-content\/uploads\/2023\/08\/Repolla-con-crema-de-leche-1024x920.png\" class=\"attachment-large size-large wp-image-1679\" alt=\"\" \/>\t\t\t\t\t\t\t\t<\/a>\n\t\t\t\t\t\t\t\t\t\t\t<figcaption class=\"widget-image-caption wp-caption-text\">Repolla con crema de leche<\/figcaption>\n\t\t\t\t\t\t\t\t\t\t<\/figure>\n\t\t\t\t\t\t\t\t\t<\/div>\n\t\t\t\t<\/div>\n\t\t\t\t\t<\/div>\n\t\t<\/div>\n\t\t\t\t<div class=\"aux-parallax-section elementor-column elementor-col-20 elementor-top-column elementor-element elementor-element-2d239f8\" data-id=\"2d239f8\" data-element_type=\"column\">\n\t\t\t<div class=\"elementor-widget-wrap elementor-element-populated\">\n\t\t\t\t\t\t\t\t<div class=\"elementor-element elementor-element-1893f37 elementor-widget elementor-widget-image\" data-id=\"1893f37\" data-element_type=\"widget\" data-widget_type=\"image.default\">\n\t\t\t\t<div class=\"elementor-widget-container\">\n\t\t\t\t\t\t\t\t\t\t\t\t<figure class=\"wp-caption\">\n\t\t\t\t\t\t\t\t\t\t\t<a href=\"https:\/\/maviponque.com.co\/wp-content\/uploads\/2023\/08\/Repolla-domo.png\" data-elementor-open-lightbox=\"yes\" data-elementor-lightbox-title=\"Repolla domo\" data-e-action-hash=\"#elementor-action%3Aaction%3Dlightbox%26settings%3DeyJpZCI6MTY4MywidXJsIjoiaHR0cHM6XC9cL21hdmlwb25xdWUuY29tLmNvXC93cC1jb250ZW50XC91cGxvYWRzXC8yMDIzXC8wOFwvUmVwb2xsYS1kb21vLnBuZyJ9\">\n\t\t\t\t\t\t\t<img loading=\"lazy\" decoding=\"async\" width=\"1024\" height=\"920\" src=\"https:\/\/maviponque.com.co\/wp-content\/uploads\/2023\/08\/Repolla-domo-1024x920.png\" class=\"attachment-large size-large wp-image-1683\" alt=\"\" \/>\t\t\t\t\t\t\t\t<\/a>\n\t\t\t\t\t\t\t\t\t\t\t<figcaption class=\"widget-image-caption wp-caption-text\">Repolla domo<\/figcaption>\n\t\t\t\t\t\t\t\t\t\t<\/figure>\n\t\t\t\t\t\t\t\t\t<\/div>\n\t\t\t\t<\/div>\n\t\t\t\t\t<\/div>\n\t\t<\/div>\n\t\t\t\t<div class=\"aux-parallax-section elementor-column elementor-col-20 elementor-top-column elementor-element elementor-element-bb45b13\" data-id=\"bb45b13\" data-element_type=\"column\">\n\t\t\t<div class=\"elementor-widget-wrap\">\n\t\t\t\t\t\t\t\t\t<\/div>\n\t\t<\/div>\n\t\t\t\t<div class=\"aux-parallax-section elementor-column elementor-col-20 elementor-top-column elementor-element elementor-element-66cf210\" data-id=\"66cf210\" data-element_type=\"column\">\n\t\t\t<div class=\"elementor-widget-wrap\">\n\t\t\t\t\t\t\t\t\t<\/div>\n\t\t<\/div>\n\t\t\t\t\t\t\t<\/div>\n\t\t<\/section>\n\t\t\t\t\t\t\t<\/div>\n\t\t","protected":false},"excerpt":{"rendered":"<p>Nuestros Productos \u00a1Bienvenido a la secci\u00f3n de reposter\u00eda de Maviponque! Aqu\u00ed podr\u00e1s encontrar una amplia variedad de productos elaborados con dedicaci\u00f3n y pasi\u00f3n en cada detalle. Nuestra reposter\u00eda se destaca por sus procesos artesanales, donde cada pieza es cuidadosamente elaborada a mano para garantizar la mejor calidad. Cada producto que ofrecemos est\u00e1 impregnado de mucho [&hellip;]<\/p>\n","protected":false},"author":1,"featured_media":0,"parent":0,"menu_order":0,"comment_status":"closed","ping_status":"closed","template":"","meta":{"_eb_attr":"","footnotes":""},"class_list":["post-958","page","type-page","status-publish","hentry"],"_links":{"self":[{"href":"https:\/\/maviponque.com.co\/index.php\/wp-json\/wp\/v2\/pages\/958","targetHints":{"allow":["GET"]}}],"collection":[{"href":"https:\/\/maviponque.com.co\/index.php\/wp-json\/wp\/v2\/pages"}],"about":[{"href":"https:\/\/maviponque.com.co\/index.php\/wp-json\/wp\/v2\/types\/page"}],"author":[{"embeddable":true,"href":"https:\/\/maviponque.com.co\/index.php\/wp-json\/wp\/v2\/users\/1"}],"replies":[{"embeddable":true,"href":"https:\/\/maviponque.com.co\/index.php\/wp-json\/wp\/v2\/comments?post=958"}],"version-history":[{"count":40,"href":"https:\/\/maviponque.com.co\/index.php\/wp-json\/wp\/v2\/pages\/958\/revisions"}],"predecessor-version":[{"id":1692,"href":"https:\/\/maviponque.com.co\/index.php\/wp-json\/wp\/v2\/pages\/958\/revisions\/1692"}],"wp:attachment":[{"href":"https:\/\/maviponque.com.co\/index.php\/wp-json\/wp\/v2\/media?parent=958"}],"curies":[{"name":"wp","href":"https:\/\/api.w.org\/{rel}","templated":true}]}}